{"id":18,"date":"2024-12-23T00:59:37","date_gmt":"2024-12-23T00:59:37","guid":{"rendered":"https:\/\/dersimizcevre.com\/?page_id=18"},"modified":"2024-12-23T01:37:37","modified_gmt":"2024-12-23T01:37:37","slug":"maintenance-page","status":"publish","type":"page","link":"https:\/\/dersimizcevre.com\/","title":{"rendered":""},"content":{"rendered":"\n<div id=\"wp-block-themeisle-blocks-advanced-columns-53e22743\" class=\"wp-block-themeisle-blocks-advanced-columns alignfull has-1-columns has-desktop-equal-layout has-tablet-equal-layout has-mobile-equal-layout has-vertical-unset has-light-bg\"><div class=\"wp-block-themeisle-blocks-advanced-columns-overlay\"><\/div><div class=\"innerblocks-wrap\">\n<div id=\"wp-block-themeisle-blocks-advanced-column-f2a31680\" class=\"wp-block-themeisle-blocks-advanced-column\">\n<div id=\"wp-block-themeisle-blocks-advanced-columns-a10c239d\" class=\"wp-block-themeisle-blocks-advanced-columns has-1-columns has-desktop-equal-layout has-tablet-equal-layout has-mobile-equal-layout has-vertical-unset\"><div class=\"wp-block-themeisle-blocks-advanced-columns-overlay\"><\/div><div class=\"innerblocks-wrap\">\n<div id=\"wp-block-themeisle-blocks-advanced-column-a171f636\" class=\"wp-block-themeisle-blocks-advanced-column\">\n<p id=\"wp-block-themeisle-blocks-advanced-heading-17e59d8c\" class=\"wp-block-themeisle-blocks-advanced-heading wp-block-themeisle-blocks-advanced-heading-17e59d8c\"><\/p>\n<\/div>\n<\/div><\/div>\n\n\n\n<div id=\"wp-block-themeisle-blocks-advanced-columns-85a8c501\" class=\"wp-block-themeisle-blocks-advanced-columns has-1-columns has-desktop-equal-layout has-tablet-equal-layout has-mobile-collapsedRows-layout has-vertical-unset\"><div class=\"wp-block-themeisle-blocks-advanced-columns-overlay\"><\/div><div class=\"innerblocks-wrap\">\n<div id=\"wp-block-themeisle-blocks-advanced-column-77395d2c\" class=\"wp-block-themeisle-blocks-advanced-column\">\n<figure class=\"wp-block-gallery aligncenter has-nested-images columns-default is-cropped wp-block-gallery-1 is-layout-flex wp-block-gallery-is-layout-flex\">\n<figure class=\"wp-block-image size-full\"><img loading=\"lazy\" decoding=\"async\" width=\"1232\" height=\"820\" src=\"https:\/\/dersimizcevre.com\/wp-content\/uploads\/2024\/12\/DERSIMIZ-CEVRE-logo-1.png\" alt=\"\" class=\"wp-image-34\" srcset=\"https:\/\/dersimizcevre.com\/wp-content\/uploads\/2024\/12\/DERSIMIZ-CEVRE-logo-1.png 1232w, https:\/\/dersimizcevre.com\/wp-content\/uploads\/2024\/12\/DERSIMIZ-CEVRE-logo-1-300x200.png 300w, https:\/\/dersimizcevre.com\/wp-content\/uploads\/2024\/12\/DERSIMIZ-CEVRE-logo-1-1024x682.png 1024w, https:\/\/dersimizcevre.com\/wp-content\/uploads\/2024\/12\/DERSIMIZ-CEVRE-logo-1-768x511.png 768w\" sizes=\"auto, (max-width: 1232px) 100vw, 1232px\" \/><\/figure>\n<\/figure>\n<\/div>\n<\/div><\/div>\n\n\n\n<div id=\"wp-block-themeisle-blocks-advanced-columns-54b20c42\" class=\"wp-block-themeisle-blocks-advanced-columns has-1-columns has-desktop-equal-layout has-tablet-equal-layout has-mobile-equal-layout has-vertical-unset\"><div class=\"wp-block-themeisle-blocks-advanced-columns-overlay\"><\/div><div class=\"innerblocks-wrap\">\n<div id=\"wp-block-themeisle-blocks-advanced-column-38ce926f\" class=\"wp-block-themeisle-blocks-advanced-column\">\n<div id=\"wp-block-themeisle-blocks-button-group-7cf5113c\" class=\"wp-block-themeisle-blocks-button-group wp-block-buttons align-center-desktop\">\n<div id=\"wp-block-themeisle-blocks-button-9ad6b432\" class=\"wp-block-themeisle-blocks-button wp-block-button\"><a href=\"http:\/\/dersimizcevre.com\/wp-content\/uploads\/2024\/12\/WhatsApp-Image-2024-12-23-at-03.15.54-1.jpeg\" target=\"_self\" rel=\"noopener noreferrer\" class=\"wp-block-button__link\"><span><strong>Okul Sertifikas\u0131<\/strong><\/span><\/a><\/div>\n\n\n\n<div id=\"wp-block-themeisle-blocks-button-6da9122f\" class=\"wp-block-themeisle-blocks-button wp-block-button\"><a href=\"http:\/\/dersimizcevre.com\/wp-content\/uploads\/2024\/12\/WhatsApp-Image-2024-12-23-at-03.15.55-1.jpeg\" target=\"_self\" rel=\"noopener noreferrer\" class=\"wp-block-button__link\"><span><strong>\u00d6\u011frenci Sertifikas\u0131<\/strong><\/span><\/a><\/div>\n<\/div>\n<\/div>\n<\/div><\/div>\n<\/div>\n<\/div><\/div>\n\n\n\n<div id=\"wp-block-themeisle-blocks-button-group-cebda4d9\" class=\"wp-block-themeisle-blocks-button-group wp-block-buttons\"><\/div>\n\n\n\n<div id=\"wp-block-themeisle-blocks-advanced-columns-d880776f\" class=\"wp-block-themeisle-blocks-advanced-columns alignfull has-0-columns has-desktop-equal-layout has-tablet-equal-layout has-mobile-equal-layout has-vertical-unset has-light-bg\"><div class=\"wp-block-themeisle-blocks-advanced-columns-overlay\"><\/div><div class=\"innerblocks-wrap\"><\/div><\/div>\n\n\n\n<div class=\"wp-block-columns is-style-section-1 is-layout-flex wp-container-core-columns-is-layout-1 wp-block-columns-is-layout-flex is-style-section-1--2\"><\/div>\n\n\n\n<p><\/p>\n","protected":false},"excerpt":{"rendered":"","protected":false},"author":1,"featured_media":0,"parent":0,"menu_order":0,"comment_status":"closed","ping_status":"closed","template":"templates\/wpmm-page-template.php","meta":{"_themeisle_gutenberg_block_has_review":false,"footnotes":""},"class_list":["post-18","page","type-page","status-publish","hentry"],"_links":{"self":[{"href":"https:\/\/dersimizcevre.com\/index.php?rest_route=\/wp\/v2\/pages\/18","targetHints":{"allow":["GET"]}}],"collection":[{"href":"https:\/\/dersimizcevre.com\/index.php?rest_route=\/wp\/v2\/pages"}],"about":[{"href":"https:\/\/dersimizcevre.com\/index.php?rest_route=\/wp\/v2\/types\/page"}],"author":[{"embeddable":true,"href":"https:\/\/dersimizcevre.com\/index.php?rest_route=\/wp\/v2\/users\/1"}],"replies":[{"embeddable":true,"href":"https:\/\/dersimizcevre.com\/index.php?rest_route=%2Fwp%2Fv2%2Fcomments&post=18"}],"version-history":[{"count":25,"href":"https:\/\/dersimizcevre.com\/index.php?rest_route=\/wp\/v2\/pages\/18\/revisions"}],"predecessor-version":[{"id":50,"href":"https:\/\/dersimizcevre.com\/index.php?rest_route=\/wp\/v2\/pages\/18\/revisions\/50"}],"wp:attachment":[{"href":"https:\/\/dersimizcevre.com\/index.php?rest_route=%2Fwp%2Fv2%2Fmedia&parent=18"}],"curies":[{"name":"wp","href":"https:\/\/api.w.org\/{rel}","templated":true}]}}